{"id":43,"date":"2025-05-06T16:20:33","date_gmt":"2025-05-06T16:20:33","guid":{"rendered":"https:\/\/nederlands.tinytalesart.com\/?page_id=43"},"modified":"2025-10-10T08:57:16","modified_gmt":"2025-10-10T08:57:16","slug":"boeken","status":"publish","type":"page","link":"https:\/\/nederlands.tinytalesart.com\/?page_id=43","title":{"rendered":"Boeken"},"content":{"rendered":"\n<div class=\"wp-block-cover alignfull is-light\" style=\"padding-top:2%;min-height:30rem;aspect-ratio:unset;\"><img decoding=\"async\" class=\"wp-block-cover__image-background wp-image-40 size-large\" alt=\"\" src=\"https:\/\/tinytalesart.com\/wp-content\/uploads\/2025\/04\/Untitled_Artwork-119-1024x715.png\" style=\"object-position:0% 96%\" data-object-fit=\"cover\" data-object-position=\"0% 96%\"\/><span aria-hidden=\"true\" class=\"wp-block-cover__background has-background-dim-0 has-background-dim\" style=\"background-color:#bfe9fd\"><\/span><div class=\"wp-block-cover__inner-container has-global-padding is-layout-constrained wp-container-core-cover-is-layout-ee51f2d2 wp-block-cover-is-layout-constrained\">\n<div class=\"wp-block-group alignwide is-vertical is-content-justification-center is-layout-flex wp-container-core-group-is-layout-5e763914 wp-block-group-is-layout-flex\" style=\"min-height:8rem\">\n<div class=\"wp-block-group has-global-padding is-layout-constrained wp-container-core-group-is-layout-bea02a06 wp-block-group-is-layout-constrained\">\n<h2 class=\"wp-block-heading has-text-align-center has-text-color\" style=\"color:#07277c;margin-top:0rem;margin-bottom:1.01rem;font-size:clamp(2.071rem, 2.071rem + ((1vw - 0.2rem) * 2.98), 3.71rem);font-style:normal;font-weight:400;line-height:1;text-transform:capitalize\">tiny tales boeken<\/h2>\n<\/div>\n<\/div>\n<\/div><\/div>\n\n\n\n<section class=\"wp-block-group alignfull has-text-color has-global-padding is-layout-constrained wp-container-core-group-is-layout-2006d12d wp-block-group-is-layout-constrained\" style=\"color:#03081e;margin-top:0px;padding-top:6.51rem;padding-right:var(--wp--preset--spacing--40);padding-bottom:0rem;padding-left:var(--wp--preset--spacing--40);font-size:clamp(0.875rem, 0.875rem + ((1vw - 0.2rem) * 0.464), 1.13rem);font-style:normal;font-weight:400;line-height:1.4\">\n<div class=\"wp-block-columns is-layout-flex wp-container-core-columns-is-layout-db2df21c wp-block-columns-is-layout-flex\" style=\"margin-bottom:0px\">\n<div class=\"wp-block-column has-global-padding is-content-justification-left is-layout-constrained wp-container-core-column-is-layout-12dd3699 wp-block-column-is-layout-constrained\" style=\"flex-basis:45%\">\n<figure class=\"wp-block-image aligncenter size-full is-resized\"><img loading=\"lazy\" decoding=\"async\" width=\"2560\" height=\"2560\" src=\"https:\/\/nederlands.tinytalesart.com\/wp-content\/uploads\/2025\/09\/Untitled_Artwork-151-scaled.png\" alt=\"\" class=\"wp-image-106\" style=\"width:446px\" srcset=\"https:\/\/nederlands.tinytalesart.com\/wp-content\/uploads\/2025\/09\/Untitled_Artwork-151-scaled.png 2560w, https:\/\/nederlands.tinytalesart.com\/wp-content\/uploads\/2025\/09\/Untitled_Artwork-151-300x300.png 300w, https:\/\/nederlands.tinytalesart.com\/wp-content\/uploads\/2025\/09\/Untitled_Artwork-151-1024x1024.png 1024w, https:\/\/nederlands.tinytalesart.com\/wp-content\/uploads\/2025\/09\/Untitled_Artwork-151-150x150.png 150w, https:\/\/nederlands.tinytalesart.com\/wp-content\/uploads\/2025\/09\/Untitled_Artwork-151-768x768.png 768w, https:\/\/nederlands.tinytalesart.com\/wp-content\/uploads\/2025\/09\/Untitled_Artwork-151-1536x1536.png 1536w, https:\/\/nederlands.tinytalesart.com\/wp-content\/uploads\/2025\/09\/Untitled_Artwork-151-2048x2048.png 2048w\" sizes=\"auto, (max-width: 2560px) 100vw, 2560px\" \/><\/figure>\n<\/div>\n\n\n\n<div class=\"wp-block-column is-layout-flow wp-block-column-is-layout-flow\">\n<div class=\"wp-block-group is-vertical is-content-justification-left is-layout-flex wp-container-core-group-is-layout-c5d44cae wp-block-group-is-layout-flex\" style=\"min-height:100%\">\n<div class=\"wp-block-group has-global-padding is-content-justification-center is-layout-constrained wp-container-core-group-is-layout-b15c80d6 wp-block-group-is-layout-constrained\">\n<h3 class=\"wp-block-heading has-text-align-left has-text-color\" style=\"color:#07277c;margin-top:0.5rem;margin-bottom:1.01rem;font-size:clamp(1.556rem, 1.556rem + ((1vw - 0.2rem) * 1.916), 2.61rem);font-style:normal;font-weight:500;letter-spacing:0px;line-height:1.3;text-transform:capitalize\">Nu Beschikbaar!<\/h3>\n\n\n\n<p class=\"has-text-align-left has-text-color\" style=\"color:#03081e;margin-top:0rem;font-size:clamp(0.875rem, 0.875rem + ((1vw - 0.2rem) * 0.609), 1.21rem);font-style:normal;font-weight:400;line-height:1.6\">Dit jaar is mijn eerste kinderboek gepubliceerd. Geschreven en ge\u00efllustreerd door Tiny Tales! <br><br>\u201cRJ en de grote Banenjacht\u201d is een vrolijk, herkenbaar \u00e9n verrassend kinderboek over een vraag die elk kind vroeg of laat krijgt.<\/p>\n\n\n\n<p>Waar gaat het over?<br>* RJ heeft geen idee wat hij later wil worden, maar de klok tikt: hij moet volgende week een spreekbeurt houden over zijn toekomst! Gelukkig staan zijn vrienden klaar om mee te denken \u2014 met idee\u00ebn die vari\u00ebren van brandweerman tot speelgoedwinkelmedewerker en zelfs dino-dokter.<\/p>\n\n\n\n<p>Tijdens zijn zoektocht ontdekt RJ dat de toekomst soms niet in \u00e9\u00e9n antwoord te vangen is\u2026<\/p>\n\n\n\n<p>Een kleurrijk verhaal vol fantasie, humor en een vleugje wijsheid \u2014 perfect voor nieuwsgierige kinderen van 5 tot 10 jaar.<br><br>En extra leuk: Op elke pagina is een papierenvliegtuigje verstopt. Kan jij het vinden? Een leuke speurtocht door het hele boek!<\/p>\n\n\n\n<hr class=\"wp-block-separator has-alpha-channel-opacity\"\/>\n\n\n\n<p>Specificaties<\/p>\n\n\n\n<ul class=\"wp-block-list\">\n<li>Paperback  (19,50) of Hardcover (25,66)<\/li>\n\n\n\n<li>Leeftijd: 5 t\/m 10 jaar<\/li>\n\n\n\n<li>Omvang: 48 pagina\u2019s<\/li>\n\n\n\n<li>Vormgeving: Afwisselend een pagina tekst en een pagina full-colour illustratie<\/li>\n\n\n\n<li>Illustraties: Volledig in kleur<\/li>\n\n\n\n<li>Taal: Nederlands<br><\/li>\n<\/ul>\n\n\n\n<hr class=\"wp-block-separator has-alpha-channel-opacity\"\/>\n\n\n\n<blockquote class=\"wp-block-quote is-layout-flow wp-block-quote-is-layout-flow\">\n<p class=\"has-text-align-left has-text-color\" style=\"color:#03081e;margin-top:0rem;font-size:clamp(0.875rem, 0.875rem + ((1vw - 0.2rem) * 0.609), 1.21rem);font-style:normal;font-weight:400;line-height:1.6\">Te koop via websites van de Nederlandse boekhandels (de Slegte, Paagman, Bruna etc.) of via onderstaande opties:<\/p>\n<\/blockquote>\n<\/div>\n<\/div>\n<\/div>\n<\/div>\n<\/section>\n\n\n\n<div class=\"wp-block-buttons is-layout-flex wp-block-buttons-is-layout-flex\">\n<div class=\"wp-block-button has-custom-width wp-block-button__width-100\"><a class=\"wp-block-button__link has-text-color has-background has-link-color has-medium-font-size has-custom-font-size wp-element-button\" href=\"https:\/\/publishnl.bookmundo.com\/site\/userwebsite\/index\/id\/tinytalesart\/\" style=\"border-style:none;border-width:0px;color:#07277c;background-color:#bfeaff\">Koop hier direct via de uitgever (scroll voor opties)<\/a><\/div>\n\n\n\n<div class=\"wp-block-button has-custom-width wp-block-button__width-50\"><a class=\"wp-block-button__link has-text-color has-background has-link-color has-medium-font-size has-custom-font-size wp-element-button\" href=\"https:\/\/www.amazon.nl\/dp\/9403836229\/ref=sr_1_1?__mk_nl_NL=\u00c5M\u00c5\u017d\u00d5\u00d1&amp;crid=1Z17GX2P59HMB&amp;dib=eyJ2IjoiMSJ9.NB42c4sheqamQ5JaK_esDg.mfyVjCpNGa6Ch7Fv_RsmWYRHF6NLpgfvm7sqLEHKL6o&amp;dib_tag=se&amp;keywords=rj+en+de+banenjacht&amp;qid=1760085918&amp;sprefix=rj+en+de+banenjacht%2Caps%2C68&amp;sr=8-1\" style=\"border-style:none;border-width:0px;color:#07277c;background-color:#bfeaff\">Of via Amazon (paperback)<\/a><\/div>\n\n\n\n<div class=\"wp-block-button has-custom-width wp-block-button__width-50\"><a class=\"wp-block-button__link has-text-color has-background has-link-color has-medium-font-size has-custom-font-size wp-element-button\" href=\"https:\/\/www.bol.com\/nl\/nl\/p\/rj-en-de-grote-banenjacht\/9300000242805391\/?cid=1760086015805-6999673350534&amp;bltgh=295b31d9-1696-4ccb-8971-720bbbf020d8.ProductList_Middle.0.ProductTitle\" style=\"border-style:none;border-width:0px;color:#07277c;background-color:#bfeaff\">Of bol.com (paperback\/ hardcover)<\/a><\/div>\n<\/div>\n\n\n\n<figure class=\"wp-block-gallery has-nested-images columns-default is-cropped wp-block-gallery-1 is-layout-flex wp-block-gallery-is-layout-flex\">\n<figure class=\"wp-block-image size-large\"><img loading=\"lazy\" decoding=\"async\" width=\"1024\" height=\"1024\" data-id=\"112\" src=\"https:\/\/nederlands.tinytalesart.com\/wp-content\/uploads\/2025\/09\/Scherm\u00adafbeelding-2025-09-27-om-17.43.50-1024x1024.png\" alt=\"\" class=\"wp-image-112\" srcset=\"https:\/\/nederlands.tinytalesart.com\/wp-content\/uploads\/2025\/09\/Scherm\u00adafbeelding-2025-09-27-om-17.43.50-1024x1024.png 1024w, https:\/\/nederlands.tinytalesart.com\/wp-content\/uploads\/2025\/09\/Scherm\u00adafbeelding-2025-09-27-om-17.43.50-300x300.png 300w, https:\/\/nederlands.tinytalesart.com\/wp-content\/uploads\/2025\/09\/Scherm\u00adafbeelding-2025-09-27-om-17.43.50-150x150.png 150w, https:\/\/nederlands.tinytalesart.com\/wp-content\/uploads\/2025\/09\/Scherm\u00adafbeelding-2025-09-27-om-17.43.50-768x768.png 768w, https:\/\/nederlands.tinytalesart.com\/wp-content\/uploads\/2025\/09\/Scherm\u00adafbeelding-2025-09-27-om-17.43.50-1536x1536.png 1536w, https:\/\/nederlands.tinytalesart.com\/wp-content\/uploads\/2025\/09\/Scherm\u00adafbeelding-2025-09-27-om-17.43.50.png 1562w\" sizes=\"auto, (max-width: 1024px) 100vw, 1024px\" \/><\/figure>\n\n\n\n<figure class=\"wp-block-image size-large\"><img loading=\"lazy\" decoding=\"async\" width=\"1024\" height=\"1017\" data-id=\"113\" src=\"https:\/\/nederlands.tinytalesart.com\/wp-content\/uploads\/2025\/09\/Scherm\u00adafbeelding-2025-09-27-om-17.44.02-1024x1017.png\" alt=\"\" class=\"wp-image-113\" srcset=\"https:\/\/nederlands.tinytalesart.com\/wp-content\/uploads\/2025\/09\/Scherm\u00adafbeelding-2025-09-27-om-17.44.02-1024x1017.png 1024w, https:\/\/nederlands.tinytalesart.com\/wp-content\/uploads\/2025\/09\/Scherm\u00adafbeelding-2025-09-27-om-17.44.02-300x298.png 300w, https:\/\/nederlands.tinytalesart.com\/wp-content\/uploads\/2025\/09\/Scherm\u00adafbeelding-2025-09-27-om-17.44.02-150x150.png 150w, https:\/\/nederlands.tinytalesart.com\/wp-content\/uploads\/2025\/09\/Scherm\u00adafbeelding-2025-09-27-om-17.44.02-768x763.png 768w, https:\/\/nederlands.tinytalesart.com\/wp-content\/uploads\/2025\/09\/Scherm\u00adafbeelding-2025-09-27-om-17.44.02-1536x1526.png 1536w, https:\/\/nederlands.tinytalesart.com\/wp-content\/uploads\/2025\/09\/Scherm\u00adafbeelding-2025-09-27-om-17.44.02.png 1554w\" sizes=\"auto, (max-width: 1024px) 100vw, 1024px\" \/><\/figure>\n\n\n\n<figure class=\"wp-block-image size-large\"><img loading=\"lazy\" decoding=\"async\" width=\"1016\" height=\"1024\" data-id=\"114\" src=\"https:\/\/nederlands.tinytalesart.com\/wp-content\/uploads\/2025\/09\/Scherm\u00adafbeelding-2025-09-27-om-17.44.14-1016x1024.png\" alt=\"\" class=\"wp-image-114\" srcset=\"https:\/\/nederlands.tinytalesart.com\/wp-content\/uploads\/2025\/09\/Scherm\u00adafbeelding-2025-09-27-om-17.44.14-1016x1024.png 1016w, https:\/\/nederlands.tinytalesart.com\/wp-content\/uploads\/2025\/09\/Scherm\u00adafbeelding-2025-09-27-om-17.44.14-298x300.png 298w, https:\/\/nederlands.tinytalesart.com\/wp-content\/uploads\/2025\/09\/Scherm\u00adafbeelding-2025-09-27-om-17.44.14-150x150.png 150w, https:\/\/nederlands.tinytalesart.com\/wp-content\/uploads\/2025\/09\/Scherm\u00adafbeelding-2025-09-27-om-17.44.14-768x774.png 768w, https:\/\/nederlands.tinytalesart.com\/wp-content\/uploads\/2025\/09\/Scherm\u00adafbeelding-2025-09-27-om-17.44.14-1524x1536.png 1524w, https:\/\/nederlands.tinytalesart.com\/wp-content\/uploads\/2025\/09\/Scherm\u00adafbeelding-2025-09-27-om-17.44.14.png 1538w\" sizes=\"auto, (max-width: 1016px) 100vw, 1016px\" \/><\/figure>\n<\/figure>\n\n\n\n<section class=\"wp-block-group alignfull has-text-color has-global-padding is-layout-constrained wp-container-core-group-is-layout-2006d12d wp-block-group-is-layout-constrained\" style=\"color:#03081e;margin-top:0px;padding-top:6.51rem;padding-right:var(--wp--preset--spacing--40);padding-bottom:0rem;padding-left:var(--wp--preset--spacing--40);font-size:clamp(0.875rem, 0.875rem + ((1vw - 0.2rem) * 0.464), 1.13rem);font-style:normal;font-weight:400;line-height:1.4\">\n<div class=\"wp-block-group alignfull has-text-color has-global-padding is-layout-constrained wp-container-core-group-is-layout-9f6dfefa wp-block-group-is-layout-constrained\" style=\"color:#252525;margin-top:0px;padding-top:0rem;padding-right:1rem;padding-bottom:0rem;padding-left:1rem;font-size:clamp(0.875rem, 0.875rem + ((1vw - 0.2rem) * 0.464), 1.13rem);font-style:normal;font-weight:400;line-height:1.4\">\n<div class=\"wp-block-group alignwide has-global-padding is-layout-constrained wp-block-group-is-layout-constrained\">\n<div class=\"wp-block-group has-global-padding is-layout-constrained wp-block-group-is-layout-constrained\">\n<h2 class=\"wp-block-heading has-text-align-center has-text-color\" style=\"color:#07277c;margin-bottom:0.51rem;font-size:clamp(1.307rem, 1.307rem + ((1vw - 0.2rem) * 1.46), 2.11rem);font-style:normal;font-weight:500;line-height:1.2\">Wil je als allereerste weten wanneer mijn volgende boek beschikbaar is?<\/h2>\n\n\n\n<p class=\"has-text-align-center has-text-color\" style=\"color:#575763;margin-top:0rem;font-size:clamp(0.875rem, 0.875rem + ((1vw - 0.2rem) * 0.064), 0.91rem);font-style:normal;font-weight:400;line-height:1.5\">Schrijf je in voor de updates! <br>Ook voor een seintje voor de hardcover versie (1e helft oktober 2025)<\/p>\n\n\n<style id=\"wpforms-css-vars-47-block-15e41f3c-1455-4730-a4dc-f0255477cab8\">\n\t\t\t\t#wpforms-47.wpforms-block-15e41f3c-1455-4730-a4dc-f0255477cab8 {\n\t\t\t\t--wpforms-field-border-radius: 2.5rem;\n--wpforms-field-background-color: #eff9ff;\n--wpforms-field-border-color: #041e5424;\n--wpforms-field-border-color-spare: #041e5424;\n--wpforms-field-text-color: #041d55;\n--wpforms-button-border-radius: 2.5rem;\n--wpforms-button-background-color: #07277c;\n--wpforms-field-size-input-height: 50px;\n--wpforms-field-size-input-spacing: 20px;\n--wpforms-field-size-font-size: 18px;\n--wpforms-field-size-line-height: 21px;\n--wpforms-field-size-padding-h: 14px;\n--wpforms-field-size-checkbox-size: 18px;\n--wpforms-field-size-sublabel-spacing: 10px;\n--wpforms-field-size-icon-size: 1.25;\n--wpforms-label-size-font-size: 16px;\n--wpforms-label-size-line-height: 19px;\n--wpforms-label-size-sublabel-font-size: 14px;\n--wpforms-label-size-sublabel-line-height: 17px;\n--wpforms-button-size-font-size: 20px;\n--wpforms-button-size-height: 48px;\n--wpforms-button-size-padding-h: 20px;\n--wpforms-button-size-margin-top: 15px;\n\n\t\t\t}\n\t\t\t<\/style><div class=\"wpforms-container wpforms-container-full wpforms-block wpforms-block-15e41f3c-1455-4730-a4dc-f0255477cab8 wpforms-render-modern\" id=\"wpforms-47\"><form id=\"wpforms-form-47\" class=\"wpforms-validate wpforms-form wpforms-ajax-form\" data-formid=\"47\" method=\"post\" enctype=\"multipart\/form-data\" action=\"\/index.php?rest_route=%2Fwp%2Fv2%2Fpages%2F43\" data-token=\"fda4d07064d56014c306d621072c797f\" data-token-time=\"1775656913\"><noscript class=\"wpforms-error-noscript\">Schakel JavaScript in je browser in om dit formulier in te vullen.<\/noscript><div id=\"wpforms-error-noscript\" style=\"display: none;\">Schakel JavaScript in je browser in om dit formulier in te vullen.<\/div><div class=\"wpforms-field-container\"><div id=\"wpforms-47-field_1-container\" class=\"wpforms-field wpforms-field-name\" data-field-id=\"1\"><label class=\"wpforms-field-label\" for=\"wpforms-47-field_1\">Naam <span class=\"wpforms-required-label\" aria-hidden=\"true\">*<\/span><\/label><input type=\"text\" id=\"wpforms-47-field_1\" class=\"wpforms-field-medium wpforms-field-required\" name=\"wpforms[fields][1]\" aria-errormessage=\"wpforms-47-field_1-error\" required><\/div>\t\t<div id=\"wpforms-47-field_3-container\"\n\t\t\tclass=\"wpforms-field wpforms-field-text\"\n\t\t\tdata-field-type=\"text\"\n\t\t\tdata-field-id=\"3\"\n\t\t\t>\n\t\t\t<label class=\"wpforms-field-label\" for=\"wpforms-47-field_3\" >taal: E-mail ben<\/label>\n\t\t\t<input type=\"text\" id=\"wpforms-47-field_3\" class=\"wpforms-field-medium\" name=\"wpforms[fields][3]\" >\n\t\t<\/div>\n\t\t<div id=\"wpforms-47-field_2-container\" class=\"wpforms-field wpforms-field-email\" data-field-id=\"2\"><label class=\"wpforms-field-label\" for=\"wpforms-47-field_2\">E-mail <span class=\"wpforms-required-label\" aria-hidden=\"true\">*<\/span><\/label><input type=\"email\" id=\"wpforms-47-field_2\" class=\"wpforms-field-medium wpforms-field-required\" name=\"wpforms[fields][2]\" spellcheck=\"false\" aria-errormessage=\"wpforms-47-field_2-error\" required><\/div><div id=\"wpforms-47-field_4-container\" class=\"wpforms-field wpforms-field-checkbox\" data-field-id=\"4\"><fieldset><legend class=\"wpforms-field-label\">Ik ben ge\u00efnteresseerd in de volgende taal:<\/legend><ul id=\"wpforms-47-field_4\"><li class=\"choice-1 depth-1\"><input type=\"checkbox\" id=\"wpforms-47-field_4_1\" name=\"wpforms[fields][4][]\" value=\"Nederlands\" aria-errormessage=\"wpforms-47-field_4_1-error\"  ><label class=\"wpforms-field-label-inline\" for=\"wpforms-47-field_4_1\">Nederlands<\/label><\/li><li class=\"choice-2 depth-1\"><input type=\"checkbox\" id=\"wpforms-47-field_4_2\" name=\"wpforms[fields][4][]\" value=\"Engels\" aria-errormessage=\"wpforms-47-field_4_2-error\"  ><label class=\"wpforms-field-label-inline\" for=\"wpforms-47-field_4_2\">Engels<\/label><\/li><li class=\"choice-3 depth-1\"><input type=\"checkbox\" id=\"wpforms-47-field_4_3\" name=\"wpforms[fields][4][]\" value=\"Duits\" aria-errormessage=\"wpforms-47-field_4_3-error\"  ><label class=\"wpforms-field-label-inline\" for=\"wpforms-47-field_4_3\">Duits<\/label><\/li><\/ul><\/fieldset><\/div><script>\n\t\t\t\t( function() {\n\t\t\t\t\tconst style = document.createElement( 'style' );\n\t\t\t\t\tstyle.appendChild( document.createTextNode( '#wpforms-47-field_3-container { position: absolute !important; overflow: hidden !important; display: inline !important; height: 1px !important; width: 1px !important; z-index: -1000 !important; padding: 0 !important; } #wpforms-47-field_3-container input { visibility: hidden; } #wpforms-conversational-form-page #wpforms-47-field_3-container label { counter-increment: none; }' ) );\n\t\t\t\t\tdocument.head.appendChild( style );\n\t\t\t\t\tdocument.currentScript?.remove();\n\t\t\t\t} )();\n\t\t\t<\/script><\/div><!-- .wpforms-field-container --><div class=\"wpforms-submit-container\" ><input type=\"hidden\" name=\"wpforms[id]\" value=\"47\"><input type=\"hidden\" name=\"page_title\" value=\"\"><input type=\"hidden\" name=\"page_url\" value=\"https:\/\/nederlands.tinytalesart.com\/index.php?rest_route=\/wp\/v2\/pages\/43\"><input type=\"hidden\" name=\"url_referer\" value=\"\"><button type=\"submit\" name=\"wpforms[submit]\" id=\"wpforms-submit-47\" class=\"wpforms-submit\" data-alt-text=\"Verzenden...\" data-submit-text=\"Verzend\" aria-live=\"assertive\" value=\"wpforms-submit\">Verzend<\/button><img loading=\"lazy\" decoding=\"async\" src=\"https:\/\/nederlands.tinytalesart.com\/wp-content\/plugins\/wpforms-lite\/assets\/images\/submit-spin.svg\" class=\"wpforms-submit-spinner\" style=\"display: none;\" width=\"26\" height=\"26\" alt=\"Aan het laden\"><\/div><\/form><\/div>  <!-- .wpforms-container --><\/div>\n<\/div>\n<\/div>\n<\/section>\n\n\n\n<h2 class=\"wp-block-heading has-text-color has-link-color has-large-font-size wp-elements-2fba697209b63e201fc4bb329bc455d1\" style=\"color:#07277c\">The making of!<\/h2>\n\n\n\n<figure style=\"padding-top:0;padding-bottom:var(--wp--preset--spacing--50)\" class=\"wp-block-video\"><video height=\"1080\" style=\"aspect-ratio: 1920 \/ 1080;\" width=\"1920\" controls src=\"https:\/\/nederlands.tinytalesart.com\/wp-content\/uploads\/2025\/05\/Tinytales.mp4\"><\/video><\/figure>\n\n\n\n<section class=\"wp-block-cover alignfull is-light img { max-width: 100%; height: auto; display: block; margin-left: margin-right: }\" style=\"margin-top:0px;padding-bottom:13.51rem;min-height:620px;aspect-ratio:unset;\"><img decoding=\"async\" class=\"wp-block-cover__image-background wp-image-52 size-large\" alt=\"\" src=\"https:\/\/tinytalesart.com\/wp-content\/uploads\/2025\/04\/Untitled_Artwork-124-1024x715.png\" style=\"object-position:0% 100%\" data-object-fit=\"cover\" data-object-position=\"0% 100%\"\/><span aria-hidden=\"true\" class=\"wp-block-cover__background has-background-dim-0 has-background-dim\" style=\"background-color:#c0e6f9\"><\/span><div class=\"wp-block-cover__inner-container has-global-padding is-layout-constrained wp-container-core-cover-is-layout-14880c13 wp-block-cover-is-layout-constrained\">\n<div class=\"wp-block-group alignfull has-text-color has-global-padding is-layout-constrained wp-container-core-group-is-layout-6f61d7e7 wp-block-group-is-layout-constrained\" style=\"color:#252525;margin-top:0px;padding-top:0rem;padding-right:1rem;padding-bottom:0rem;padding-left:1rem;font-size:clamp(0.875rem, 0.875rem + ((1vw - 0.2rem) * 0.464), 1.13rem);font-style:normal;font-weight:400;line-height:1.4\">\n<div class=\"wp-block-group is-vertical is-content-justification-center is-layout-flex wp-container-core-group-is-layout-b6c1f246 wp-block-group-is-layout-flex\">\n<div class=\"wp-block-group has-global-padding is-layout-constrained wp-container-core-group-is-layout-a099c240 wp-block-group-is-layout-constrained\">\n<h2 class=\"wp-block-heading has-text-align-center has-text-color\" style=\"color:#07277c;margin-bottom:1.11rem;font-size:clamp(1.556rem, 1.556rem + ((1vw - 0.2rem) * 1.916), 2.61rem);font-style:normal;font-weight:500;line-height:1.2;text-transform:capitalize\">Neem contact op!<\/h2>\n\n\n\n<p class=\"has-text-align-center has-text-color\" style=\"color:#03081e;margin-top:0rem;font-size:clamp(0.875rem, 0.875rem + ((1vw - 0.2rem) * 0.427), 1.11rem);font-style:normal;font-weight:400;line-height:1.6\">Wil je graag samenwerken of heb je vragen? Neem contact op! <\/p>\n\n\n\n<div class=\"wp-block-group is-vertical is-content-justification-stretch is-layout-flex wp-container-core-group-is-layout-be82aac6 wp-block-group-is-layout-flex\" style=\"margin-top:0rem;padding-right:0px;padding-left:0px\">\n<div class=\"wp-block-group has-global-padding is-content-justification-center is-layout-constrained wp-container-core-group-is-layout-0638dde4 wp-block-group-is-layout-constrained\" style=\"margin-top:0px\">\n<div class=\"wp-block-buttons is-horizontal is-content-justification-right is-layout-flex wp-container-core-buttons-is-layout-1b0e492f wp-block-buttons-is-layout-flex\" style=\"margin-top:2.21rem\">\n<div class=\"wp-block-button has-custom-width wp-block-button__width-100 is-style-fill\"><a class=\"wp-block-button__link has-text-color has-background has-border-color has-custom-font-size wp-element-button\" href=\"https:\/\/nederlands.tinytalesart.com\/?page_id=18\" style=\"border-color:#041d55;border-style:solid;border-width:1px;border-radius:2.5rem;color:#07277c;background-color:#ffffff;padding-top:1.1rem;padding-right:0.81rem;padding-bottom:1.1rem;padding-left:0.81rem;font-size:clamp(0.875rem, 0.875rem + ((1vw - 0.2rem) * 0.609), 1.21rem);font-style:normal;font-weight:400;line-height:1;text-transform:capitalize\">Contact<\/a><\/div>\n<\/div>\n<\/div>\n<\/div>\n<\/div>\n<\/div>\n<\/div>\n<\/div><\/section>\n\n\n\n<p><\/p>\n","protected":false},"excerpt":{"rendered":"<p>Nu Beschikbaar! Dit jaar is mijn eerste kinderboek gepubliceerd. Geschreven en ge\u00efllustreerd door Tiny Tales! \u201cRJ en de grote Banenjacht\u201d is een vrolijk, herkenbaar \u00e9n verrassend kinderboek over een vraag die elk kind vroeg of laat krijgt. Waar gaat het over?* RJ heeft geen idee wat hij later wil worden, maar de klok tikt: hij [&hellip;]<\/p>\n","protected":false},"author":1,"featured_media":0,"parent":0,"menu_order":0,"comment_status":"closed","ping_status":"closed","template":"","meta":{"footnotes":""},"class_list":["post-43","page","type-page","status-publish","hentry"],"_links":{"self":[{"href":"https:\/\/nederlands.tinytalesart.com\/index.php?rest_route=\/wp\/v2\/pages\/43","targetHints":{"allow":["GET"]}}],"collection":[{"href":"https:\/\/nederlands.tinytalesart.com\/index.php?rest_route=\/wp\/v2\/pages"}],"about":[{"href":"https:\/\/nederlands.tinytalesart.com\/index.php?rest_route=\/wp\/v2\/types\/page"}],"author":[{"embeddable":true,"href":"https:\/\/nederlands.tinytalesart.com\/index.php?rest_route=\/wp\/v2\/users\/1"}],"replies":[{"embeddable":true,"href":"https:\/\/nederlands.tinytalesart.com\/index.php?rest_route=%2Fwp%2Fv2%2Fcomments&post=43"}],"version-history":[{"count":21,"href":"https:\/\/nederlands.tinytalesart.com\/index.php?rest_route=\/wp\/v2\/pages\/43\/revisions"}],"predecessor-version":[{"id":131,"href":"https:\/\/nederlands.tinytalesart.com\/index.php?rest_route=\/wp\/v2\/pages\/43\/revisions\/131"}],"wp:attachment":[{"href":"https:\/\/nederlands.tinytalesart.com\/index.php?rest_route=%2Fwp%2Fv2%2Fmedia&parent=43"}],"curies":[{"name":"wp","href":"https:\/\/api.w.org\/{rel}","templated":true}]}}